{"id":259,"date":"2024-12-19T08:48:00","date_gmt":"2024-12-19T07:48:00","guid":{"rendered":"http:\/\/manuelayud.com\/?page_id=259"},"modified":"2024-12-19T10:54:45","modified_gmt":"2024-12-19T09:54:45","slug":"aviso-legal","status":"publish","type":"page","link":"https:\/\/manuelayud.com\/en\/aviso-legal\/","title":{"rendered":"Legal Notice"},"content":{"rendered":"<div data-elementor-type=\"wp-page\" data-elementor-id=\"259\" class=\"elementor elementor-259\" data-elementor-post-type=\"page\">\n\t\t\t\t<div class=\"elementor-element elementor-element-6c17fbc e-con-full e-flex e-con e-parent\" data-id=\"6c17fbc\" data-element_type=\"container\" data-settings=\"{&quot;background_background&quot;:&quot;classic&quot;}\">\n\t\t<div class=\"elementor-element elementor-element-698a4b53 e-con-full e-flex elementor-invisible e-con e-child\" data-id=\"698a4b53\" data-element_type=\"container\" data-settings=\"{&quot;background_background&quot;:&quot;classic&quot;,&quot;animation&quot;:&quot;fadeIn&quot;,&quot;animation_delay&quot;:400}\">\n\t\t\t\t<div class=\"elementor-element elementor-element-5b2b63a4 elementor-widget__width-inherit elementor-invisible elementor-widget elementor-widget-heading\" data-id=\"5b2b63a4\" data-element_type=\"widget\" data-settings=\"{&quot;_animation&quot;:&quot;fadeIn&quot;,&quot;_animation_delay&quot;:200}\" data-widget_type=\"heading.default\">\n\t\t\t\t<div class=\"elementor-widget-container\">\n\t\t\t<h2 class=\"elementor-heading-title elementor-size-default\">Legal Notice<\/h2>\t\t<\/div>\n\t\t\t\t<\/div>\n\t\t\t\t<div class=\"elementor-element elementor-element-74242ef elementor-icon-list--layout-inline elementor-align-center elementor-list-item-link-full_width elementor-invisible elementor-widget elementor-widget-icon-list\" data-id=\"74242ef\" data-element_type=\"widget\" data-settings=\"{&quot;_animation&quot;:&quot;fadeIn&quot;,&quot;_animation_delay&quot;:200}\" data-widget_type=\"icon-list.default\">\n\t\t\t\t<div class=\"elementor-widget-container\">\n\t\t\t\t\t<ul class=\"elementor-icon-list-items elementor-inline-items\">\n\t\t\t\t\t\t\t<li class=\"elementor-icon-list-item elementor-inline-item\">\n\t\t\t\t\t\t\t\t\t\t\t<a href=\"#\">\n\n\t\t\t\t\t\t\t\t\t\t\t<span class=\"elementor-icon-list-text\">Home<\/span>\n\t\t\t\t\t\t\t\t\t\t\t<\/a>\n\t\t\t\t\t\t\t\t\t<\/li>\n\t\t\t\t\t\t\t\t<li class=\"elementor-icon-list-item elementor-inline-item\">\n\t\t\t\t\t\t\t\t\t\t\t<span class=\"elementor-icon-list-icon\">\n\t\t\t\t\t\t\t<i aria-hidden=\"true\" class=\"icon icon-right-arrow\"><\/i>\t\t\t\t\t\t<\/span>\n\t\t\t\t\t\t\t\t\t\t<span class=\"elementor-icon-list-text\">Legal Notice<\/span>\n\t\t\t\t\t\t\t\t\t<\/li>\n\t\t\t\t\t\t<\/ul>\n\t\t\t\t<\/div>\n\t\t\t\t<\/div>\n\t\t\t\t<\/div>\n\t\t\t\t<\/div>\n\t\t<div class=\"elementor-element elementor-element-4a32c490 e-flex e-con-boxed e-con e-parent\" data-id=\"4a32c490\" data-element_type=\"container\">\n\t\t\t\t\t<div class=\"e-con-inner\">\n\t\t\t\t<div class=\"elementor-element elementor-element-2b6ca245 elementor-widget-divider--view-line elementor-widget elementor-widget-divider\" data-id=\"2b6ca245\" data-element_type=\"widget\" data-widget_type=\"divider.default\">\n\t\t\t\t<div class=\"elementor-widget-container\">\n\t\t\t\t\t<div class=\"elementor-divider\">\n\t\t\t<span class=\"elementor-divider-separator\">\n\t\t\t\t\t\t<\/span>\n\t\t<\/div>\n\t\t\t\t<\/div>\n\t\t\t\t<\/div>\n\t\t<div class=\"elementor-element elementor-element-714efe55 e-con-full e-flex e-con e-child\" data-id=\"714efe55\" data-element_type=\"container\">\n\t\t\t\t<div class=\"elementor-element elementor-element-e0b7804 elementor-widget__width-inherit elementor-invisible elementor-widget elementor-widget-image\" data-id=\"e0b7804\" data-element_type=\"widget\" data-settings=\"{&quot;_animation&quot;:&quot;fadeIn&quot;}\" data-widget_type=\"image.default\">\n\t\t\t\t<div class=\"elementor-widget-container\">\n\t\t\t\t\t\t\t\t\t\t\t\t\t<img fetchpriority=\"high\" decoding=\"async\" width=\"512\" height=\"512\" src=\"https:\/\/manuelayud.com\/wp-content\/uploads\/2024\/10\/usuario.png\" class=\"attachment-large size-large wp-image-123\" alt=\"Manuel Ayud Arquitectura M\u00e1laga\" \/>\t\t\t\t\t\t\t\t\t\t\t\t\t<\/div>\n\t\t\t\t<\/div>\n\t\t\t\t<div class=\"elementor-element elementor-element-2239a37 elementor-widget__width-inherit elementor-invisible elementor-widget elementor-widget-heading\" data-id=\"2239a37\" data-element_type=\"widget\" data-settings=\"{&quot;_animation&quot;:&quot;fadeIn&quot;,&quot;_animation_delay&quot;:200}\" data-widget_type=\"heading.default\">\n\t\t\t\t<div class=\"elementor-widget-container\">\n\t\t\t<h3 class=\"elementor-heading-title elementor-size-default\">WHO IS RESPONSIBLE FOR THE WEBSITE?<\/h3>\t\t<\/div>\n\t\t\t\t<\/div>\n\t\t<div class=\"elementor-element elementor-element-13364486 e-con-full e-flex e-con e-child\" data-id=\"13364486\" data-element_type=\"container\">\n\t\t\t\t<div class=\"elementor-element elementor-element-5a09e646 elementor-widget elementor-widget-text-editor\" data-id=\"5a09e646\" data-element_type=\"widget\" data-widget_type=\"text-editor.default\">\n\t\t\t\t<div class=\"elementor-widget-container\">\n\t\t\t\t\t\t\t<p class=\"translation-block\">The person responsible for the website is <strong>MANUEL AYUD PEREZ<\/strong>, with address at C\/ Toledillo n\u00ba30 2\u2070A, 29480 Gauc\u00edn, M\u00e1laga, and contact mail <a href=\"mailto:manuelayud@gmail.com\" target=\"_self\">manuelayud@gmail.com<\/a><\/p>\t\t\t\t\t\t<\/div>\n\t\t\t\t<\/div>\n\t\t\t\t<div class=\"elementor-element elementor-element-2f9a87b elementor-widget elementor-widget-text-editor\" data-id=\"2f9a87b\" data-element_type=\"widget\" data-widget_type=\"text-editor.default\">\n\t\t\t\t<div class=\"elementor-widget-container\">\n\t\t\t\t\t\t\t<p class=\"translation-block\">The content of the website is the intellectual property of <strong>MANUEL AYUD PEREZ<\/strong>. Any use of the same contrary to the rules on intellectual property will be prosecuted under current legislation.<\/p>\t\t\t\t\t\t<\/div>\n\t\t\t\t<\/div>\n\t\t\t\t<\/div>\n\t\t\t\t<\/div>\n\t\t\t\t\t<\/div>\n\t\t\t\t<\/div>\n\t\t<div class=\"elementor-element elementor-element-5b98ad1 e-flex e-con-boxed elementor-invisible e-con e-parent\" data-id=\"5b98ad1\" data-element_type=\"container\" data-settings=\"{&quot;background_background&quot;:&quot;classic&quot;,&quot;animation&quot;:&quot;fadeIn&quot;}\">\n\t\t\t\t\t<div class=\"e-con-inner\">\n\t\t<div class=\"elementor-element elementor-element-19d000da e-con-full e-flex elementor-invisible e-con e-child\" data-id=\"19d000da\" data-element_type=\"container\" data-settings=\"{&quot;animation&quot;:&quot;fadeInLeft&quot;}\">\n\t\t\t\t<div class=\"elementor-element elementor-element-1ecefcaa elementor-widget__width-auto elementor-invisible elementor-widget elementor-widget-heading\" data-id=\"1ecefcaa\" data-element_type=\"widget\" data-settings=\"{&quot;_animation&quot;:&quot;fadeIn&quot;,&quot;_animation_delay&quot;:200}\" data-widget_type=\"heading.default\">\n\t\t\t\t<div class=\"elementor-widget-container\">\n\t\t\t<h2 class=\"elementor-heading-title elementor-size-default\">Do you have a project in mind?  <br><i>Let's talk about bringing it to life<\/i> <\/h2>\t\t<\/div>\n\t\t\t\t<\/div>\n\t\t\t\t<\/div>\n\t\t<div class=\"elementor-element elementor-element-59f1b1ec e-con-full e-flex elementor-invisible e-con e-child\" data-id=\"59f1b1ec\" data-element_type=\"container\" data-settings=\"{&quot;animation&quot;:&quot;fadeInRight&quot;}\">\n\t\t\t\t<div class=\"elementor-element elementor-element-6462dff5 elementor-widget__width-auto elementor-invisible elementor-widget elementor-widget-button\" data-id=\"6462dff5\" data-element_type=\"widget\" data-settings=\"{&quot;_animation&quot;:&quot;fadeIn&quot;,&quot;_animation_delay&quot;:600}\" data-widget_type=\"button.default\">\n\t\t\t\t<div class=\"elementor-widget-container\">\n\t\t\t\t\t<div class=\"elementor-button-wrapper\">\n\t\t\t<a class=\"elementor-button elementor-button-link elementor-size-sm\" href=\"#\">\n\t\t\t\t\t\t<span class=\"elementor-button-content-wrapper\">\n\t\t\t\t\t\t\t\t\t<span class=\"elementor-button-text\">Call Us<\/span>\n\t\t\t\t\t<\/span>\n\t\t\t\t\t<\/a>\n\t\t<\/div>\n\t\t\t\t<\/div>\n\t\t\t\t<\/div>\n\t\t\t\t<div class=\"elementor-element elementor-element-2e9b95dd elementor-widget__width-auto elementor-invisible elementor-widget elementor-widget-button\" data-id=\"2e9b95dd\" data-element_type=\"widget\" data-settings=\"{&quot;_animation&quot;:&quot;fadeIn&quot;,&quot;_animation_delay&quot;:700}\" data-widget_type=\"button.default\">\n\t\t\t\t<div class=\"elementor-widget-container\">\n\t\t\t\t\t<div class=\"elementor-button-wrapper\">\n\t\t\t<a class=\"elementor-button elementor-button-link elementor-size-sm\" href=\"http:\/\/manuelayud.com\/en\/contacto\/\">\n\t\t\t\t\t\t<span class=\"elementor-button-content-wrapper\">\n\t\t\t\t\t\t\t\t\t<span class=\"elementor-button-text\">Contact Us<\/span>\n\t\t\t\t\t<\/span>\n\t\t\t\t\t<\/a>\n\t\t<\/div>\n\t\t\t\t<\/div>\n\t\t\t\t<\/div>\n\t\t\t\t<\/div>\n\t\t\t\t\t<\/div>\n\t\t\t\t<\/div>\n\t\t\t\t<\/div>","protected":false},"excerpt":{"rendered":"<p>Aviso Legal Inicio Aviso Legal \u00bfQUI\u00c9N ES EL RESPONSABLE DE LA P\u00c1GINA WEB? El responsable de la p\u00e1gina web es MANUEL AYUD PEREZ, con direcci\u00f3n en C\/ Toledillo n\u00ba30 2\u2070A, 29480 Gauc\u00edn, M\u00e1laga, y correo de contacto manuelayud@gmail.com El contenido de la p\u00e1gina web es propiedad intelectual de MANUEL AYUD PEREZ. Cualquier utilizaci\u00f3n de los [&hellip;]<\/p>","protected":false},"author":1,"featured_media":0,"parent":0,"menu_order":9,"comment_status":"closed","ping_status":"closed","template":"elementor_header_footer","meta":{"footnotes":""},"class_list":["post-259","page","type-page","status-publish","hentry"],"yoast_head":"<!-- This site is optimized with the Yoast SEO plugin v23.7 - https:\/\/yoast.com\/wordpress\/plugins\/seo\/ -->\n<title>MANUEL AYUD | Arquitecto M\u00e1laga | Aviso Legal<\/title>\n<meta name=\"description\" content=\"Consulta el aviso legal de Manuel Ayud Arquitectura M\u00e1laga. Informaci\u00f3n sobre el uso del sitio web y cumplimiento legal.\" \/>\n<meta name=\"robots\" content=\"index, follow, max-snippet:-1, max-image-preview:large, max-video-preview:-1\" \/>\n<link rel=\"canonical\" href=\"https:\/\/manuelayud.com\/en\/aviso-legal\/\" \/>\n<meta property=\"og:locale\" content=\"en_GB\" \/>\n<meta property=\"og:type\" content=\"article\" \/>\n<meta property=\"og:title\" content=\"MANUEL AYUD | Arquitecto M\u00e1laga | Aviso Legal\" \/>\n<meta property=\"og:description\" content=\"Consulta el aviso legal de Manuel Ayud Arquitectura M\u00e1laga. Informaci\u00f3n sobre el uso del sitio web y cumplimiento legal.\" \/>\n<meta property=\"og:url\" content=\"https:\/\/manuelayud.com\/en\/aviso-legal\/\" \/>\n<meta property=\"og:site_name\" content=\"MANUEL AYUD | Arquitecto\" \/>\n<meta property=\"article:modified_time\" content=\"2024-12-19T09:54:45+00:00\" \/>\n<meta property=\"og:image\" content=\"http:\/\/manuelayud.com\/wp-content\/uploads\/2024\/10\/usuario.png\" \/>\n<meta name=\"twitter:card\" content=\"summary_large_image\" \/>\n<meta name=\"twitter:label1\" content=\"Estimated reading time\" \/>\n\t<meta name=\"twitter:data1\" content=\"1 minute\" \/>\n<script type=\"application\/ld+json\" class=\"yoast-schema-graph\">{\"@context\":\"https:\/\/schema.org\",\"@graph\":[{\"@type\":\"WebPage\",\"@id\":\"https:\/\/manuelayud.com\/aviso-legal\/\",\"url\":\"https:\/\/manuelayud.com\/aviso-legal\/\",\"name\":\"MANUEL AYUD | Arquitecto M\u00e1laga | Aviso Legal\",\"isPartOf\":{\"@id\":\"https:\/\/manuelayud.com\/#website\"},\"primaryImageOfPage\":{\"@id\":\"https:\/\/manuelayud.com\/aviso-legal\/#primaryimage\"},\"image\":{\"@id\":\"https:\/\/manuelayud.com\/aviso-legal\/#primaryimage\"},\"thumbnailUrl\":\"http:\/\/manuelayud.com\/wp-content\/uploads\/2024\/10\/usuario.png\",\"datePublished\":\"2024-12-19T07:48:00+00:00\",\"dateModified\":\"2024-12-19T09:54:45+00:00\",\"description\":\"Consulta el aviso legal de Manuel Ayud Arquitectura M\u00e1laga. Informaci\u00f3n sobre el uso del sitio web y cumplimiento legal.\",\"breadcrumb\":{\"@id\":\"https:\/\/manuelayud.com\/aviso-legal\/#breadcrumb\"},\"inLanguage\":\"en-GB\",\"potentialAction\":[{\"@type\":\"ReadAction\",\"target\":[\"https:\/\/manuelayud.com\/aviso-legal\/\"]}]},{\"@type\":\"ImageObject\",\"inLanguage\":\"en-GB\",\"@id\":\"https:\/\/manuelayud.com\/aviso-legal\/#primaryimage\",\"url\":\"http:\/\/manuelayud.com\/wp-content\/uploads\/2024\/10\/usuario.png\",\"contentUrl\":\"http:\/\/manuelayud.com\/wp-content\/uploads\/2024\/10\/usuario.png\"},{\"@type\":\"BreadcrumbList\",\"@id\":\"https:\/\/manuelayud.com\/aviso-legal\/#breadcrumb\",\"itemListElement\":[{\"@type\":\"ListItem\",\"position\":1,\"name\":\"Portada\",\"item\":\"https:\/\/manuelayud.com\/\"},{\"@type\":\"ListItem\",\"position\":2,\"name\":\"Aviso Legal\"}]},{\"@type\":\"WebSite\",\"@id\":\"https:\/\/manuelayud.com\/#website\",\"url\":\"https:\/\/manuelayud.com\/\",\"name\":\"MANUEL AYUD | Arquitecto\",\"description\":\"\",\"potentialAction\":[{\"@type\":\"SearchAction\",\"target\":{\"@type\":\"EntryPoint\",\"urlTemplate\":\"https:\/\/manuelayud.com\/?s={search_term_string}\"},\"query-input\":{\"@type\":\"PropertyValueSpecification\",\"valueRequired\":true,\"valueName\":\"search_term_string\"}}],\"inLanguage\":\"en-GB\"}]}<\/script>\n<!-- \/ Yoast SEO plugin. -->","yoast_head_json":{"title":"MANUEL AYUD | Arquitecto M\u00e1laga | Aviso Legal","description":"Consulta el aviso legal de Manuel Ayud Arquitectura M\u00e1laga. Informaci\u00f3n sobre el uso del sitio web y cumplimiento legal.","robots":{"index":"index","follow":"follow","max-snippet":"max-snippet:-1","max-image-preview":"max-image-preview:large","max-video-preview":"max-video-preview:-1"},"canonical":"https:\/\/manuelayud.com\/en\/aviso-legal\/","og_locale":"en_GB","og_type":"article","og_title":"MANUEL AYUD | Arquitecto M\u00e1laga | Aviso Legal","og_description":"Consulta el aviso legal de Manuel Ayud Arquitectura M\u00e1laga. Informaci\u00f3n sobre el uso del sitio web y cumplimiento legal.","og_url":"https:\/\/manuelayud.com\/en\/aviso-legal\/","og_site_name":"MANUEL AYUD | Arquitecto","article_modified_time":"2024-12-19T09:54:45+00:00","og_image":[{"url":"http:\/\/manuelayud.com\/wp-content\/uploads\/2024\/10\/usuario.png"}],"twitter_card":"summary_large_image","twitter_misc":{"Estimated reading time":"1 minute"},"schema":{"@context":"https:\/\/schema.org","@graph":[{"@type":"WebPage","@id":"https:\/\/manuelayud.com\/aviso-legal\/","url":"https:\/\/manuelayud.com\/aviso-legal\/","name":"MANUEL AYUD | Arquitecto M\u00e1laga | Aviso Legal","isPartOf":{"@id":"https:\/\/manuelayud.com\/#website"},"primaryImageOfPage":{"@id":"https:\/\/manuelayud.com\/aviso-legal\/#primaryimage"},"image":{"@id":"https:\/\/manuelayud.com\/aviso-legal\/#primaryimage"},"thumbnailUrl":"http:\/\/manuelayud.com\/wp-content\/uploads\/2024\/10\/usuario.png","datePublished":"2024-12-19T07:48:00+00:00","dateModified":"2024-12-19T09:54:45+00:00","description":"Consulta el aviso legal de Manuel Ayud Arquitectura M\u00e1laga. Informaci\u00f3n sobre el uso del sitio web y cumplimiento legal.","breadcrumb":{"@id":"https:\/\/manuelayud.com\/aviso-legal\/#breadcrumb"},"inLanguage":"en-GB","potentialAction":[{"@type":"ReadAction","target":["https:\/\/manuelayud.com\/aviso-legal\/"]}]},{"@type":"ImageObject","inLanguage":"en-GB","@id":"https:\/\/manuelayud.com\/aviso-legal\/#primaryimage","url":"http:\/\/manuelayud.com\/wp-content\/uploads\/2024\/10\/usuario.png","contentUrl":"http:\/\/manuelayud.com\/wp-content\/uploads\/2024\/10\/usuario.png"},{"@type":"BreadcrumbList","@id":"https:\/\/manuelayud.com\/aviso-legal\/#breadcrumb","itemListElement":[{"@type":"ListItem","position":1,"name":"Portada","item":"https:\/\/manuelayud.com\/"},{"@type":"ListItem","position":2,"name":"Aviso Legal"}]},{"@type":"WebSite","@id":"https:\/\/manuelayud.com\/#website","url":"https:\/\/manuelayud.com\/","name":"MANUEL AYUD | Arquitecto","description":"","potentialAction":[{"@type":"SearchAction","target":{"@type":"EntryPoint","urlTemplate":"https:\/\/manuelayud.com\/?s={search_term_string}"},"query-input":{"@type":"PropertyValueSpecification","valueRequired":true,"valueName":"search_term_string"}}],"inLanguage":"en-GB"}]}},"_links":{"self":[{"href":"https:\/\/manuelayud.com\/en\/wp-json\/wp\/v2\/pages\/259","targetHints":{"allow":["GET"]}}],"collection":[{"href":"https:\/\/manuelayud.com\/en\/wp-json\/wp\/v2\/pages"}],"about":[{"href":"https:\/\/manuelayud.com\/en\/wp-json\/wp\/v2\/types\/page"}],"author":[{"embeddable":true,"href":"https:\/\/manuelayud.com\/en\/wp-json\/wp\/v2\/users\/1"}],"replies":[{"embeddable":true,"href":"https:\/\/manuelayud.com\/en\/wp-json\/wp\/v2\/comments?post=259"}],"version-history":[{"count":7,"href":"https:\/\/manuelayud.com\/en\/wp-json\/wp\/v2\/pages\/259\/revisions"}],"predecessor-version":[{"id":365,"href":"https:\/\/manuelayud.com\/en\/wp-json\/wp\/v2\/pages\/259\/revisions\/365"}],"wp:attachment":[{"href":"https:\/\/manuelayud.com\/en\/wp-json\/wp\/v2\/media?parent=259"}],"curies":[{"name":"wp","href":"https:\/\/api.w.org\/{rel}","templated":true}]}}